
{"id":56996,"date":"2024-12-30T16:59:00","date_gmt":"2024-12-30T21:59:00","guid":{"rendered":"https:\/\/afp.foxtrotdev.com\/?page_id=56996"},"modified":"2024-12-30T17:00:06","modified_gmt":"2024-12-30T22:00:06","slug":"produits-a-base-de-plantes","status":"publish","type":"page","link":"https:\/\/afp.foxtrotdev.com\/fr\/produits\/produits-a-base-de-plantes\/","title":{"rendered":"Produits \u00e0 base de plantes"},"content":{"rendered":"","protected":false},"excerpt":{"rendered":"","protected":false},"author":1,"featured_media":21631,"parent":1779,"menu_order":41,"comment_status":"closed","ping_status":"closed","template":"page-product.php","meta":{"footnotes":""},"class_list":["post-56996","page","type-page","status-publish","has-post-thumbnail","hentry"],"yoast_head":"<!-- This site is optimized with the Yoast SEO plugin v24.9 - https:\/\/yoast.com\/wordpress\/plugins\/seo\/ -->\n<title>Produits \u00e0 base de plantes - AFP<\/title>\n<meta name=\"robots\" content=\"noindex, follow, max-snippet:-1, max-image-preview:large, max-video-preview:-1\" \/>\n<meta property=\"og:locale\" content=\"fr_FR\" \/>\n<meta property=\"og:type\" content=\"article\" \/>\n<meta property=\"og:title\" content=\"Produits \u00e0 base de plantes - AFP\" \/>\n<meta property=\"og:url\" content=\"https:\/\/afp.foxtrotdev.com\/fr\/produits\/produits-a-base-de-plantes\/\" \/>\n<meta property=\"og:site_name\" content=\"AFP\" \/>\n<meta property=\"article:modified_time\" content=\"2024-12-30T22:00:06+00:00\" \/>\n<meta property=\"og:image\" content=\"https:\/\/afp.foxtrotdev.com\/wp-content\/uploads\/Truffle_Poutine_Fries_5156.jpg\" \/>\n\t<meta property=\"og:image:width\" content=\"1920\" \/>\n\t<meta property=\"og:image:height\" content=\"1360\" \/>\n\t<meta property=\"og:image:type\" content=\"image\/jpeg\" \/>\n<meta name=\"twitter:card\" content=\"summary_large_image\" \/>\n<meta name=\"twitter:label1\" content=\"Dur\u00e9e de lecture estim\u00e9e\" \/>\n\t<meta name=\"twitter:data1\" content=\"1 minute\" \/>\n<script type=\"application\/ld+json\" class=\"yoast-schema-graph\">{\"@context\":\"https:\/\/schema.org\",\"@graph\":[{\"@type\":\"WebPage\",\"@id\":\"https:\/\/afp.foxtrotdev.com\/fr\/produits\/produits-a-base-de-plantes\/\",\"url\":\"https:\/\/afp.foxtrotdev.com\/fr\/produits\/produits-a-base-de-plantes\/\",\"name\":\"Produits \u00e0 base de plantes - AFP\",\"isPartOf\":{\"@id\":\"https:\/\/afp.foxtrotdev.com\/fr\/#website\"},\"primaryImageOfPage\":{\"@id\":\"https:\/\/afp.foxtrotdev.com\/fr\/produits\/produits-a-base-de-plantes\/#primaryimage\"},\"image\":{\"@id\":\"https:\/\/afp.foxtrotdev.com\/fr\/produits\/produits-a-base-de-plantes\/#primaryimage\"},\"thumbnailUrl\":\"https:\/\/afp.foxtrotdev.com\/wp-content\/uploads\/Truffle_Poutine_Fries_5156.jpg\",\"datePublished\":\"2024-12-30T21:59:00+00:00\",\"dateModified\":\"2024-12-30T22:00:06+00:00\",\"breadcrumb\":{\"@id\":\"https:\/\/afp.foxtrotdev.com\/fr\/produits\/produits-a-base-de-plantes\/#breadcrumb\"},\"inLanguage\":\"fr-FR\",\"potentialAction\":[{\"@type\":\"ReadAction\",\"target\":[\"https:\/\/afp.foxtrotdev.com\/fr\/produits\/produits-a-base-de-plantes\/\"]}]},{\"@type\":\"ImageObject\",\"inLanguage\":\"fr-FR\",\"@id\":\"https:\/\/afp.foxtrotdev.com\/fr\/produits\/produits-a-base-de-plantes\/#primaryimage\",\"url\":\"https:\/\/afp.foxtrotdev.com\/wp-content\/uploads\/Truffle_Poutine_Fries_5156.jpg\",\"contentUrl\":\"https:\/\/afp.foxtrotdev.com\/wp-content\/uploads\/Truffle_Poutine_Fries_5156.jpg\",\"width\":1920,\"height\":1360},{\"@type\":\"BreadcrumbList\",\"@id\":\"https:\/\/afp.foxtrotdev.com\/fr\/produits\/produits-a-base-de-plantes\/#breadcrumb\",\"itemListElement\":[{\"@type\":\"ListItem\",\"position\":1,\"name\":\"Produits\",\"item\":\"https:\/\/afp.foxtrotdev.com\/fr\/products\/\"},{\"@type\":\"ListItem\",\"position\":2,\"name\":\"Produits \u00e0 base de plantes\"}]},{\"@type\":\"WebSite\",\"@id\":\"https:\/\/afp.foxtrotdev.com\/fr\/#website\",\"url\":\"https:\/\/afp.foxtrotdev.com\/fr\/\",\"name\":\"AFP\",\"description\":\"Innovative Food Solutions.\",\"publisher\":{\"@id\":\"https:\/\/afp.foxtrotdev.com\/fr\/#organization\"},\"potentialAction\":[{\"@type\":\"SearchAction\",\"target\":{\"@type\":\"EntryPoint\",\"urlTemplate\":\"https:\/\/afp.foxtrotdev.com\/fr\/?s={search_term_string}\"},\"query-input\":{\"@type\":\"PropertyValueSpecification\",\"valueRequired\":true,\"valueName\":\"search_term_string\"}}],\"inLanguage\":\"fr-FR\"},{\"@type\":\"Organization\",\"@id\":\"https:\/\/afp.foxtrotdev.com\/fr\/#organization\",\"name\":\"AFP\",\"url\":\"https:\/\/afp.foxtrotdev.com\/fr\/\",\"logo\":{\"@type\":\"ImageObject\",\"inLanguage\":\"fr-FR\",\"@id\":\"https:\/\/afp.foxtrotdev.com\/fr\/#\/schema\/logo\/image\/\",\"url\":\"https:\/\/afp.foxtrotdev.com\/wp-content\/uploads\/2021\/11\/AFP-logo-color.svg\",\"contentUrl\":\"https:\/\/afp.foxtrotdev.com\/wp-content\/uploads\/2021\/11\/AFP-logo-color.svg\",\"width\":60,\"height\":40,\"caption\":\"AFP\"},\"image\":{\"@id\":\"https:\/\/afp.foxtrotdev.com\/fr\/#\/schema\/logo\/image\/\"}}]}<\/script>\n<!-- \/ Yoast SEO plugin. -->","yoast_head_json":{"title":"Produits \u00e0 base de plantes - AFP","robots":{"index":"noindex","follow":"follow","max-snippet":"max-snippet:-1","max-image-preview":"max-image-preview:large","max-video-preview":"max-video-preview:-1"},"og_locale":"fr_FR","og_type":"article","og_title":"Produits \u00e0 base de plantes - AFP","og_url":"https:\/\/afp.foxtrotdev.com\/fr\/produits\/produits-a-base-de-plantes\/","og_site_name":"AFP","article_modified_time":"2024-12-30T22:00:06+00:00","og_image":[{"width":1920,"height":1360,"url":"https:\/\/afp.foxtrotdev.com\/wp-content\/uploads\/Truffle_Poutine_Fries_5156.jpg","type":"image\/jpeg"}],"twitter_card":"summary_large_image","twitter_misc":{"Dur\u00e9e de lecture estim\u00e9e":"1 minute"},"schema":{"@context":"https:\/\/schema.org","@graph":[{"@type":"WebPage","@id":"https:\/\/afp.foxtrotdev.com\/fr\/produits\/produits-a-base-de-plantes\/","url":"https:\/\/afp.foxtrotdev.com\/fr\/produits\/produits-a-base-de-plantes\/","name":"Produits \u00e0 base de plantes - AFP","isPartOf":{"@id":"https:\/\/afp.foxtrotdev.com\/fr\/#website"},"primaryImageOfPage":{"@id":"https:\/\/afp.foxtrotdev.com\/fr\/produits\/produits-a-base-de-plantes\/#primaryimage"},"image":{"@id":"https:\/\/afp.foxtrotdev.com\/fr\/produits\/produits-a-base-de-plantes\/#primaryimage"},"thumbnailUrl":"https:\/\/afp.foxtrotdev.com\/wp-content\/uploads\/Truffle_Poutine_Fries_5156.jpg","datePublished":"2024-12-30T21:59:00+00:00","dateModified":"2024-12-30T22:00:06+00:00","breadcrumb":{"@id":"https:\/\/afp.foxtrotdev.com\/fr\/produits\/produits-a-base-de-plantes\/#breadcrumb"},"inLanguage":"fr-FR","potentialAction":[{"@type":"ReadAction","target":["https:\/\/afp.foxtrotdev.com\/fr\/produits\/produits-a-base-de-plantes\/"]}]},{"@type":"ImageObject","inLanguage":"fr-FR","@id":"https:\/\/afp.foxtrotdev.com\/fr\/produits\/produits-a-base-de-plantes\/#primaryimage","url":"https:\/\/afp.foxtrotdev.com\/wp-content\/uploads\/Truffle_Poutine_Fries_5156.jpg","contentUrl":"https:\/\/afp.foxtrotdev.com\/wp-content\/uploads\/Truffle_Poutine_Fries_5156.jpg","width":1920,"height":1360},{"@type":"BreadcrumbList","@id":"https:\/\/afp.foxtrotdev.com\/fr\/produits\/produits-a-base-de-plantes\/#breadcrumb","itemListElement":[{"@type":"ListItem","position":1,"name":"Produits","item":"https:\/\/afp.foxtrotdev.com\/fr\/products\/"},{"@type":"ListItem","position":2,"name":"Produits \u00e0 base de plantes"}]},{"@type":"WebSite","@id":"https:\/\/afp.foxtrotdev.com\/fr\/#website","url":"https:\/\/afp.foxtrotdev.com\/fr\/","name":"AFP","description":"Innovative Food Solutions.","publisher":{"@id":"https:\/\/afp.foxtrotdev.com\/fr\/#organization"},"potentialAction":[{"@type":"SearchAction","target":{"@type":"EntryPoint","urlTemplate":"https:\/\/afp.foxtrotdev.com\/fr\/?s={search_term_string}"},"query-input":{"@type":"PropertyValueSpecification","valueRequired":true,"valueName":"search_term_string"}}],"inLanguage":"fr-FR"},{"@type":"Organization","@id":"https:\/\/afp.foxtrotdev.com\/fr\/#organization","name":"AFP","url":"https:\/\/afp.foxtrotdev.com\/fr\/","logo":{"@type":"ImageObject","inLanguage":"fr-FR","@id":"https:\/\/afp.foxtrotdev.com\/fr\/#\/schema\/logo\/image\/","url":"https:\/\/afp.foxtrotdev.com\/wp-content\/uploads\/2021\/11\/AFP-logo-color.svg","contentUrl":"https:\/\/afp.foxtrotdev.com\/wp-content\/uploads\/2021\/11\/AFP-logo-color.svg","width":60,"height":40,"caption":"AFP"},"image":{"@id":"https:\/\/afp.foxtrotdev.com\/fr\/#\/schema\/logo\/image\/"}}]}},"meta_box":{"afp-bs-featured-lp":"","afp-bs-featured-lp-title":"","afp-bs-featured-lp-copy":"","afp-bs-featured-cta-link":"","afp-bs-featured-cta-text":"","afp-bs-featured-lp-subtitle":"","afp-bs-featured-lp-posts":[],"afp-bs-featured-lp-posts-seemore":"","afp-bs-featured-recipes":[],"afp-bs-featured-trends":[],"afp-bs-featured-training-education":[],"afp-bs-featured-packaging-ideas":[],"afp-bs-featured-home-cta-label":"","afp-bs-more-solutions-heading":"","afp-bs-more-solutions-cta-label":"","afp-bs-more-solutions-category-label":"","afp-bs-product-featured-bs":[],"afp-Channels-icon":[],"afp-Channels-page-icon":[],"afp-Channels-channel-headline-group":[],"afp-pgchannels-section-title-group":[],"afp_calc_serving_size":"8","afp_calc_servings_per_day":"400","afp_calc_number_of_units":"3","afp-calculator":[{"afp_calc_storage":"Shelf-stable","afp_calc_shelf_life":"12 months","afp_calc_case":"6 pack","afp_calc_recipes":[{"_state":"expanded"}]}],"afp_calc_lockup":false,"afp_calc_disclaimer":"","location":[],"AFP-Contact-contact_from_shortcode":"","afp-hp-expertise-callout-title-text":"","afp-hp-expertise-callout-title-color":"","afp-hp-expertise-callout-content":"","afp-hp-expertise-callout-content-color":"","afp-hp-expertise-callouts-group":[],"afp-pgexpertise-page-icon":[],"afp-pgexpertise-expertise-headline-group":[],"afp-pgexpertise-expertise-enable-products":"","afp-pgexpertise-products-section":[],"afp-pgexpertise-content-section":[],"afp-pgexpertise-eng-product-group":[],"afp-pgexpertise-eng-productmoreinfo-group":[],"afp-pgexpertise-eng-innercontent-icon":[],"afp-pgexpertise-eng-innercontent-title":"","afp-pgexpertise-eng-innercontent-cta_text":"","afp-pgexpertise-eng-innercontent-cta_url":"","afp-pgexpertise-eng-capabilities-image":[],"afp-pgexpertise-eng-capabilities-title":"","afp-pgexpertise-eng-capabilities-content":"","mfi-mb-hero-enabled":"1","mfi-mb-hero-full-size":"0","mfi-mb-hero-height":"640","mfi-mb-hero-slide-group":[{"mfi-mb-hero-title-text":"Produits \u00e0 base de plantes","mfi-mb-hero-content":"Profitez de la tendance. Cr\u00e9ez de nouvelles offres sur votre menu.","mfi-mb-hero-align-option":"text-left","mfi-mb-hero-product-image-enabled":"1","mfi-mb-hero-product-image-style":"slice","mfi-mb-hero-product-primary-bg-color":"#67e1cf","mfi-mb-hero-product-image":["21631"],"mfi-mb-hero-product-text":"Poutine aux truffes \u00e0 base de plantes","mfi-mb-hero-product-url":"\/business-solutions\/recipes\/plant-based-poutine-truffle-fries\/"}],"afp-gb--callout-icon":[],"afp-gb--contactbar-section-title-text":"","afp-gb--contactbar-section-title-color":"","afp-gb--contactbar-section-cta-group":[],"afp-hp-our-story-callouts-group":[],"afp-hp-section-title-group":[],"afp-hp-selected-products":[],"afp_careers_mb_intro_title":"","afp_careers_mb_intro_content":"","afp-no-cta_label":"","afp-no-nav_icon":[],"afp_ourstory_mb_history_title":"","afp_ourstory_mb_date_group":[],"afp_ourstory_mb_csr_content":"","afp_ourstory_mb_sustainability_title":"","afp_ourstory_mb_sustainability_group":[],"afp-pgproducts-category-heading-enabled":"0","afp-pgproducts-category-heading-content":"Alors que la demande de produits \u00e0 base de plantes continue de cro\u00eetre et d\u2019\u00e9voluer, nous sommes l\u00e0 pour nous assurer que vous avez toujours ce que vos clients veulent. Des sauces au fromage aux puddings riches et aux sauces \u00e0 tremper, nos offres \u00e0 base de plantes satisfont les envies sans les produits laitiers.","afp-pgproducts-category-heading-image":[{"width":360,"height":230,"file":"plant-based-prod-lockup-1.png","filesize":72491,"sizes":{"medium":{"file":"plant-based-prod-lockup-1-600x444.png","width":600,"height":444,"mime-type":"image\/png","filesize":244918,"url":"https:\/\/afp.foxtrotdev.com\/wp-content\/uploads\/plant-based-prod-lockup-1-600x444.png"},"thumbnail":{"file":"plant-based-prod-lockup-1-360x230.png","width":360,"height":230,"mime-type":"image\/png","filesize":90607,"url":"https:\/\/afp.foxtrotdev.com\/wp-content\/uploads\/plant-based-prod-lockup-1-360x230.png"},"bs-thumbnail":{"file":"plant-based-prod-lockup-1-390x260.png","width":390,"height":260,"mime-type":"image\/png","filesize":108730,"url":"https:\/\/afp.foxtrotdev.com\/wp-content\/uploads\/plant-based-prod-lockup-1-390x260.png"},"bs-more-thumbnail":{"file":"plant-based-prod-lockup-1-355x380.png","width":355,"height":380,"mime-type":"image\/png","filesize":129956,"url":"https:\/\/afp.foxtrotdev.com\/wp-content\/uploads\/plant-based-prod-lockup-1-355x380.png"}},"image_meta":{"aperture":"0","credit":"","camera":"","caption":"","created_timestamp":"0","copyright":"","focal_length":"0","iso":"0","shutter_speed":"0","title":"","orientation":"0","keywords":[]},"ID":"21633","name":"plant-based-prod-lockup-1.png","path":"\/home\/afp\/public_html\/wp-content\/uploads\/plant-based-prod-lockup-1.png","url":"https:\/\/afp.foxtrotdev.com\/wp-content\/uploads\/plant-based-prod-lockup-1-360x230.png","full_url":"https:\/\/afp.foxtrotdev.com\/wp-content\/uploads\/plant-based-prod-lockup-1.png","title":"plant-based-prod-lockup (1)","caption":"","description":"","alt":"","srcset":false}],"afp-pgproducts-category-heading-cta":[{"afp-pgproducts-product-files-icon":["21404"],"afp-pgproducts-product-files-cta-group":{"afp-pgproducts-product-files-cta-text":"Gamme de produits","afp-pgproducts-product-files-cta-url":"\/wp-content\/uploads\/2023_Product_BRO-6.pdf","afp-pgproducts-product-files-cta-target":"1"}}],"afp-pgproducts-category-multicta-group":{"afp-pgproducts-multi-cta-text":"T\u00e9l\u00e9charger une fiche de vente","afp-pgproducts-multi-cta-group":[{"afp-pgproducts-product-files-cta-group":{"afp-pgproducts-product-files-cta-text":"Sauce au fromage \u00e0 base de plantes","afp-pgproducts-product-files-cta-url":"\/wp-content\/uploads\/AFP_SellSheet_PBCS_OCT2022_LR.pdf","afp-pgproducts-product-files-cta-target":"1"}},{"afp-pgproducts-product-files-cta-group":{"afp-pgproducts-product-files-cta-text":"Sauces \u00e0 tremper et \u00e0 tartiner","afp-pgproducts-product-files-cta-url":"\/wp-content\/uploads\/AFP_SellSheet_OCT2022_Dips-LR.pdf","afp-pgproducts-product-files-cta-target":"1"}},{"afp-pgproducts-product-files-cta-group":{"afp-pgproducts-product-files-cta-text":"Sauces \u00e0 tremper et \u00e0 tartiner : Hot Fill","afp-pgproducts-product-files-cta-url":"\/wp-content\/uploads\/AFP_SellSheet_OCT2022_SingleServe_LR.pdf","afp-pgproducts-product-files-cta-target":"1"}},{"afp-pgproducts-product-files-cta-group":{"afp-pgproducts-product-files-cta-text":"Pudding \u00e0 base de plantes","afp-pgproducts-product-files-cta-url":"\/wp-content\/uploads\/AFP_SellSheet_OCT2022_Plant-Based_Desserts-LR.pdf","afp-pgproducts-product-files-cta-target":"1"}}]},"afp-pgproducts-aseptic-rows-group":[{"afp-pgproducts-aseptic-head-group":{"afp-pgproducts-category-aseptic-title-text":"Sauce au fromage \u00e0 base de plantes"},"afp-pgproducts-aseptic-row-benefit-group":{"afp-pgproducts-aseptic-row-benefit-title-text":"D\u00e9licieusement fromag\u00e8re","afp-pgproducts-aseptic-benefit-full-width":"1","afp-pgproducts-aseptic-benefit-icons-group":[{"afp-pgproducts-aseptic-benefit-icon":["21657"],"afp-pgproducts-aseptic-benefit-icon-text":"Environ 41 % des Milleniaux et de la G\u00e9n\u00e9ration Z s\u2019attendent \u00e0 voir des options \u00e0 base de plantes sur un menu.","afp-pgproducts-aseptic-benefit-icon-note":"Datassential Report PRO 2023 Plant-Based"},{"afp-pgproducts-aseptic-benefit-icon":["21637"],"afp-pgproducts-aseptic-benefit-icon-text":"Les options de fromage \u00e0 base de plantes ont augment\u00e9 de 22 % sur les menus au cours des 12 derniers mois.","afp-pgproducts-aseptic-benefit-icon-note":"Dataessential SNAP! Menu Data 2022"}]},"afp-pgproducts-aseptic-row-flavor-group":{"afp-pgproducts-aseptic-row-flavor-title-text":"Saveurs d\u00e9licieuses","afp-pgproducts-aseptic-flavor-group":[{"afp-pgproducts-aseptic-flavor-text":"Style cheddar","afp-pgproducts-aseptic-flavor-plantbased":"1"},{"afp-pgproducts-aseptic-flavor-text":"Style nacho","afp-pgproducts-aseptic-flavor-plantbased":"1"}]},"afp-pgproducts-aseptic-row-packaging-group":{"afp-pgproducts-aseptic-row-packaging-title-text":"Emballage du produit","afp-pgproducts-aseptic-packaging-group":[{"afp-pgproducts-aseptic-packaging-text":"Sachet de 60 oz"}],"afp-pgproducts-packaging-expert-cta-group":{"afp-pgproducts-packaging-expert-cta-text":"Experts en emballage","afp-pgproducts-packaging-expert-cta-url":"\/expertise\/package-engineering\/"}}},{"afp-pgproducts-aseptic-head-group":{"afp-pgproducts-category-aseptic-title-text":"Sauces \u00e0 tremper et \u00e0 tartiner \u00e0 base de plantes"},"afp-pgproducts-aseptic-row-benefit-group":{"afp-pgproducts-aseptic-row-benefit-title-text":"Une demande accrue","afp-pgproducts-aseptic-benefit-full-width":"1","afp-pgproducts-aseptic-benefit-icons-group":[{"afp-pgproducts-aseptic-benefit-icon":["21641"],"afp-pgproducts-aseptic-benefit-icon-text":"Pas moins de 77 % des consommateurs sont int\u00e9ress\u00e9s par les OLT qui offrent des interpr\u00e9tations cr\u00e9atives de plats familiers.","afp-pgproducts-aseptic-benefit-icon-note":"Dataessential KeynoteReports: Sauces, Condiments & Dressing. Juillet 2022"},{"afp-pgproducts-aseptic-benefit-icon":["21645"],"afp-pgproducts-aseptic-benefit-icon-text":"Proposer du guacamole comme plat d\u2019accompagnement augmente le prix des menus de 5 %.","afp-pgproducts-aseptic-benefit-icon-note":"SEP Technomic Ignite 2021"}]},"afp-pgproducts-aseptic-row-flavor-group":{"afp-pgproducts-aseptic-row-flavor-title-text":"Saveurs d\u00e9licieuses","afp-pgproducts-aseptic-flavor-group":[{"afp-pgproducts-aseptic-flavor-text":"Style guacamole","afp-pgproducts-aseptic-flavor-plantbased":"1"},{"afp-pgproducts-aseptic-flavor-text":"Haricots noirs du Sud-ouest","afp-pgproducts-aseptic-flavor-plantbased":"1"},{"afp-pgproducts-aseptic-flavor-text":"Houmous m\u00e9diterran\u00e9en","afp-pgproducts-aseptic-flavor-plantbased":"1"}]},"afp-pgproducts-aseptic-row-packaging-group":{"afp-pgproducts-aseptic-row-packaging-title-text":"Emballage du produit","afp-pgproducts-aseptic-packaging-group":[{"afp-pgproducts-aseptic-packaging-text":"Conserve de 8,5 \u00e0 9 oz","afp-pgproducts-aseptic-packaging-conversion":"(250 \u00e0 255 g)"},{"afp-pgproducts-aseptic-packaging-text":"Tasse en plastique de 15 oz","afp-pgproducts-aseptic-packaging-conversion":"(425g)"},{"afp-pgproducts-aseptic-packaging-text":" Tasse de 3,7 \u00e0 3,8 oz","afp-pgproducts-aseptic-packaging-conversion":"(104 \u00e0 107 g)"}],"afp-pgproducts-packaging-expert-cta-group":{"afp-pgproducts-packaging-expert-cta-text":"Experts en emballage","afp-pgproducts-packaging-expert-cta-url":"\/expertise\/package-engineering\/"}}},{"afp-pgproducts-aseptic-head-group":{"afp-pgproducts-category-aseptic-title-text":"Pudding \u00e0 base de plantes"},"afp-pgproducts-aseptic-row-benefit-group":{"afp-pgproducts-aseptic-row-benefit-title-text":"Si sucr\u00e9","afp-pgproducts-aseptic-benefit-full-width":"1","afp-pgproducts-aseptic-benefit-icons-group":[{"afp-pgproducts-aseptic-benefit-icon":["21649"],"afp-pgproducts-aseptic-benefit-icon-text":"Parmi les exploitants qui offrent des desserts, 22 % signalent une augmentation des ventes de pudding.","afp-pgproducts-aseptic-benefit-icon-note":"SNAP! Keynote Desserts 2023"},{"afp-pgproducts-aseptic-benefit-icon":["21653"],"afp-pgproducts-aseptic-benefit-icon-text":"Les produits laitiers \u00e0 base d\u2019avoine ont augment\u00e9 de 350 % sur les menus.","afp-pgproducts-aseptic-benefit-icon-note":"IRI Synd_Monthly_Cat_MA. Total US \u2013 MULO, L52W ending 1\/24\/21, Supermarket News"}]},"afp-pgproducts-aseptic-row-flavor-group":{"afp-pgproducts-aseptic-row-flavor-title-text":"Saveurs d\u00e9licieuses","afp-pgproducts-aseptic-flavor-group":[{"afp-pgproducts-aseptic-flavor-text":"Amandes au chocolat","afp-pgproducts-aseptic-flavor-plantbased":"1"},{"afp-pgproducts-aseptic-flavor-text":"Avoine et vanille","afp-pgproducts-aseptic-flavor-plantbased":"1"}]},"afp-pgproducts-aseptic-row-packaging-group":{"afp-pgproducts-aseptic-row-packaging-title-text":"Emballage du produit","afp-pgproducts-aseptic-packaging-group":[{"afp-pgproducts-aseptic-packaging-text":"3,5 oz","afp-pgproducts-aseptic-packaging-conversion":"(99g)"},{"afp-pgproducts-aseptic-packaging-text":" Tasse (paquet de 4)"}],"afp-pgproducts-packaging-expert-cta-group":{"afp-pgproducts-packaging-expert-cta-text":"Experts en emballage","afp-pgproducts-packaging-expert-cta-url":"\/expertise\/package-engineering\/"},"afp-pgproducts-aseptic-packaging-footnote":"Formulations personnalis\u00e9es disponibles. Volume de production minimum requis."}}],"winning_ltos":[],"sc_scam_title":"","sc_scam_content":"","infographic_headline":"","infographic_content":"","icons":[],"video_benefits":[],"facts_headline":"","facts_copy":"","facts_image":false,"facts_infographic":[],"lets_talk_headline":"","lets_talk_copy":"","lets_talk_icon":false,"bs_posts":[],"afp-bs-featured-categories":[],"mfi_pb_product_image":false,"mfi_pb_content":"","mfi_pb_cta":"","mfi_pb_cta_url":"","mfi_pb_products":[],"mfi_pb_stats_content":[],"mfi_pb_bar_title":"","mfi_pb_bar_content":"","mfi_pb_graph_image":false,"mfi_pb_more_info":"","mfi_pb_source":""},"_links":{"self":[{"href":"https:\/\/afp.foxtrotdev.com\/fr\/wp-json\/wp\/v2\/pages\/56996","targetHints":{"allow":["GET"]}}],"collection":[{"href":"https:\/\/afp.foxtrotdev.com\/fr\/wp-json\/wp\/v2\/pages"}],"about":[{"href":"https:\/\/afp.foxtrotdev.com\/fr\/wp-json\/wp\/v2\/types\/page"}],"author":[{"embeddable":true,"href":"https:\/\/afp.foxtrotdev.com\/fr\/wp-json\/wp\/v2\/users\/1"}],"replies":[{"embeddable":true,"href":"https:\/\/afp.foxtrotdev.com\/fr\/wp-json\/wp\/v2\/comments?post=56996"}],"version-history":[{"count":1,"href":"https:\/\/afp.foxtrotdev.com\/fr\/wp-json\/wp\/v2\/pages\/56996\/revisions"}],"predecessor-version":[{"id":56997,"href":"https:\/\/afp.foxtrotdev.com\/fr\/wp-json\/wp\/v2\/pages\/56996\/revisions\/56997"}],"up":[{"embeddable":true,"href":"https:\/\/afp.foxtrotdev.com\/fr\/wp-json\/wp\/v2\/pages\/1779"}],"wp:featuredmedia":[{"embeddable":true,"href":"https:\/\/afp.foxtrotdev.com\/fr\/wp-json\/wp\/v2\/media\/21631"}],"wp:attachment":[{"href":"https:\/\/afp.foxtrotdev.com\/fr\/wp-json\/wp\/v2\/media?parent=56996"}],"curies":[{"name":"wp","href":"https:\/\/api.w.org\/{rel}","templated":true}]}}