
{"id":1565,"date":"2021-07-20T18:11:52","date_gmt":"2021-07-20T18:11:52","guid":{"rendered":"https:\/\/afp.foxtrotdev.com\/our-story\/"},"modified":"2025-02-12T16:34:41","modified_gmt":"2025-02-12T21:34:41","slug":"nuestra-historia","status":"publish","type":"page","link":"https:\/\/afp.foxtrotdev.com\/es\/nuestra-historia\/","title":{"rendered":"Nuestra historia"},"content":{"rendered":"","protected":false},"excerpt":{"rendered":"","protected":false},"author":1,"featured_media":0,"parent":0,"menu_order":128,"comment_status":"closed","ping_status":"closed","template":"page-our-story.php","meta":{"footnotes":""},"class_list":["post-1565","page","type-page","status-publish","hentry"],"yoast_head":"<!-- This site is optimized with the Yoast SEO plugin v24.9 - https:\/\/yoast.com\/wordpress\/plugins\/seo\/ -->\n<title>Nuestra historia - AFP<\/title>\n<meta name=\"robots\" content=\"noindex, follow, max-snippet:-1, max-image-preview:large, max-video-preview:-1\" \/>\n<meta property=\"og:locale\" content=\"es_ES\" \/>\n<meta property=\"og:type\" content=\"article\" \/>\n<meta property=\"og:title\" content=\"Nuestra historia - AFP\" \/>\n<meta property=\"og:url\" content=\"https:\/\/afp.foxtrotdev.com\/es\/nuestra-historia\/\" \/>\n<meta property=\"og:site_name\" content=\"AFP\" \/>\n<meta property=\"article:modified_time\" content=\"2025-02-12T21:34:41+00:00\" \/>\n<meta name=\"twitter:card\" content=\"summary_large_image\" \/>\n<script type=\"application\/ld+json\" class=\"yoast-schema-graph\">{\"@context\":\"https:\/\/schema.org\",\"@graph\":[{\"@type\":\"WebPage\",\"@id\":\"https:\/\/afp.foxtrotdev.com\/es\/nuestra-historia\/\",\"url\":\"https:\/\/afp.foxtrotdev.com\/es\/nuestra-historia\/\",\"name\":\"Nuestra historia - AFP\",\"isPartOf\":{\"@id\":\"https:\/\/afp.foxtrotdev.com\/es\/#website\"},\"datePublished\":\"2021-07-20T18:11:52+00:00\",\"dateModified\":\"2025-02-12T21:34:41+00:00\",\"inLanguage\":\"es\",\"potentialAction\":[{\"@type\":\"ReadAction\",\"target\":[\"https:\/\/afp.foxtrotdev.com\/es\/nuestra-historia\/\"]}]},{\"@type\":\"WebSite\",\"@id\":\"https:\/\/afp.foxtrotdev.com\/es\/#website\",\"url\":\"https:\/\/afp.foxtrotdev.com\/es\/\",\"name\":\"AFP\",\"description\":\"Innovative Food Solutions.\",\"publisher\":{\"@id\":\"https:\/\/afp.foxtrotdev.com\/es\/#organization\"},\"potentialAction\":[{\"@type\":\"SearchAction\",\"target\":{\"@type\":\"EntryPoint\",\"urlTemplate\":\"https:\/\/afp.foxtrotdev.com\/es\/?s={search_term_string}\"},\"query-input\":{\"@type\":\"PropertyValueSpecification\",\"valueRequired\":true,\"valueName\":\"search_term_string\"}}],\"inLanguage\":\"es\"},{\"@type\":\"Organization\",\"@id\":\"https:\/\/afp.foxtrotdev.com\/es\/#organization\",\"name\":\"AFP\",\"url\":\"https:\/\/afp.foxtrotdev.com\/es\/\",\"logo\":{\"@type\":\"ImageObject\",\"inLanguage\":\"es\",\"@id\":\"https:\/\/afp.foxtrotdev.com\/es\/#\/schema\/logo\/image\/\",\"url\":\"https:\/\/afp.foxtrotdev.com\/wp-content\/uploads\/2021\/11\/AFP-logo-color.svg\",\"contentUrl\":\"https:\/\/afp.foxtrotdev.com\/wp-content\/uploads\/2021\/11\/AFP-logo-color.svg\",\"width\":60,\"height\":40,\"caption\":\"AFP\"},\"image\":{\"@id\":\"https:\/\/afp.foxtrotdev.com\/es\/#\/schema\/logo\/image\/\"}}]}<\/script>\n<!-- \/ Yoast SEO plugin. -->","yoast_head_json":{"title":"Nuestra historia - AFP","robots":{"index":"noindex","follow":"follow","max-snippet":"max-snippet:-1","max-image-preview":"max-image-preview:large","max-video-preview":"max-video-preview:-1"},"og_locale":"es_ES","og_type":"article","og_title":"Nuestra historia - AFP","og_url":"https:\/\/afp.foxtrotdev.com\/es\/nuestra-historia\/","og_site_name":"AFP","article_modified_time":"2025-02-12T21:34:41+00:00","twitter_card":"summary_large_image","schema":{"@context":"https:\/\/schema.org","@graph":[{"@type":"WebPage","@id":"https:\/\/afp.foxtrotdev.com\/es\/nuestra-historia\/","url":"https:\/\/afp.foxtrotdev.com\/es\/nuestra-historia\/","name":"Nuestra historia - AFP","isPartOf":{"@id":"https:\/\/afp.foxtrotdev.com\/es\/#website"},"datePublished":"2021-07-20T18:11:52+00:00","dateModified":"2025-02-12T21:34:41+00:00","inLanguage":"es","potentialAction":[{"@type":"ReadAction","target":["https:\/\/afp.foxtrotdev.com\/es\/nuestra-historia\/"]}]},{"@type":"WebSite","@id":"https:\/\/afp.foxtrotdev.com\/es\/#website","url":"https:\/\/afp.foxtrotdev.com\/es\/","name":"AFP","description":"Innovative Food Solutions.","publisher":{"@id":"https:\/\/afp.foxtrotdev.com\/es\/#organization"},"potentialAction":[{"@type":"SearchAction","target":{"@type":"EntryPoint","urlTemplate":"https:\/\/afp.foxtrotdev.com\/es\/?s={search_term_string}"},"query-input":{"@type":"PropertyValueSpecification","valueRequired":true,"valueName":"search_term_string"}}],"inLanguage":"es"},{"@type":"Organization","@id":"https:\/\/afp.foxtrotdev.com\/es\/#organization","name":"AFP","url":"https:\/\/afp.foxtrotdev.com\/es\/","logo":{"@type":"ImageObject","inLanguage":"es","@id":"https:\/\/afp.foxtrotdev.com\/es\/#\/schema\/logo\/image\/","url":"https:\/\/afp.foxtrotdev.com\/wp-content\/uploads\/2021\/11\/AFP-logo-color.svg","contentUrl":"https:\/\/afp.foxtrotdev.com\/wp-content\/uploads\/2021\/11\/AFP-logo-color.svg","width":60,"height":40,"caption":"AFP"},"image":{"@id":"https:\/\/afp.foxtrotdev.com\/es\/#\/schema\/logo\/image\/"}}]}},"meta_box":{"afp-bs-featured-lp":"","afp-bs-featured-lp-title":"","afp-bs-featured-lp-copy":"","afp-bs-featured-cta-link":"","afp-bs-featured-cta-text":"","afp-bs-featured-lp-subtitle":"","afp-bs-featured-lp-posts":[],"afp-bs-featured-lp-posts-seemore":"","afp-bs-featured-recipes":[],"afp-bs-featured-trends":[],"afp-bs-featured-training-education":[],"afp-bs-featured-packaging-ideas":[],"afp-bs-featured-home-cta-label":"","afp-bs-more-solutions-heading":"","afp-bs-more-solutions-cta-label":"","afp-bs-more-solutions-category-label":"","afp-bs-product-featured-bs":[],"afp-Channels-icon":[],"afp-Channels-page-icon":[],"afp-Channels-channel-headline-group":[],"afp-pgchannels-section-title-group":[],"afp_calc_serving_size":"8","afp_calc_servings_per_day":"400","afp_calc_number_of_units":"3","afp-calculator":[{"afp_calc_storage":"Shelf-stable","afp_calc_shelf_life":"12 months","afp_calc_case":"6 pack","afp_calc_recipes":[{"_state":"expanded"}]}],"afp_calc_lockup":false,"afp_calc_disclaimer":"","location":[],"AFP-Contact-contact_from_shortcode":"","afp-hp-expertise-callout-title-text":"","afp-hp-expertise-callout-title-color":"","afp-hp-expertise-callout-content":"","afp-hp-expertise-callout-content-color":"","afp-hp-expertise-callouts-group":[],"afp-pgexpertise-page-icon":[],"afp-pgexpertise-expertise-headline-group":[],"afp-pgexpertise-expertise-enable-products":"","afp-pgexpertise-products-section":[],"afp-pgexpertise-content-section":[],"afp-pgexpertise-eng-product-group":[],"afp-pgexpertise-eng-productmoreinfo-group":[],"afp-pgexpertise-eng-innercontent-icon":[],"afp-pgexpertise-eng-innercontent-title":"","afp-pgexpertise-eng-innercontent-cta_text":"","afp-pgexpertise-eng-innercontent-cta_url":"","afp-pgexpertise-eng-capabilities-image":[],"afp-pgexpertise-eng-capabilities-title":"","afp-pgexpertise-eng-capabilities-content":"","mfi-mb-hero-enabled":"1","mfi-mb-hero-full-size":"0","mfi-mb-hero-height":"640","mfi-mb-hero-slide-group":[{"mfi-mb-hero-title-text":"Nuestra historia","mfi-mb-hero-title-color":"#ffffff","mfi-mb-hero-content":"Gente real. \u00c9xito real. Historia real.","mfi-mb-hero-content-color":"#ffffff","mfi-mb-hero-align-option":"text-left","mfi-mb-hero-product-image-enabled":"1","mfi-mb-hero-product-image-style":"box","mfi-mb-hero-product-primary-bg-color":"#f87036","mfi-mb-hero-product-secondary-bg-color":"#67e1cf","mfi-mb-hero-product-image":["250"],"mfi-mb-hero-product-video-url":"https:\/\/www.youtube.com\/watch?v=jOjT_nXG2DU"}],"afp-gb--callout-icon":[{"width":125,"height":125,"file":"\/callout-contact-us-1.svg","sizes":{"thumbnail":{"width":"360","height":"230","crop":"1","file":"callout-contact-us-1.svg","mime-type":"image\/svg+xml","url":"https:\/\/afp.foxtrotdev.com\/wp-content\/uploads\/callout-contact-us-1.svg"},"medium":{"width":"600","height":"600","crop":false,"file":"callout-contact-us-1.svg","mime-type":"image\/svg+xml","url":"https:\/\/afp.foxtrotdev.com\/wp-content\/uploads\/callout-contact-us-1.svg"},"medium_large":{"width":"768","height":"0","crop":false,"file":"callout-contact-us-1.svg","mime-type":"image\/svg+xml","url":"https:\/\/afp.foxtrotdev.com\/wp-content\/uploads\/callout-contact-us-1.svg"},"large":{"width":"1024","height":"1024","crop":false,"file":"callout-contact-us-1.svg","mime-type":"image\/svg+xml","url":"https:\/\/afp.foxtrotdev.com\/wp-content\/uploads\/callout-contact-us-1.svg"},"bs-large-feature":{"width":840,"height":560,"crop":1,"file":"callout-contact-us-1.svg","mime-type":"image\/svg+xml","url":"https:\/\/afp.foxtrotdev.com\/wp-content\/uploads\/callout-contact-us-1.svg"},"bs-thumbnail":{"width":390,"height":260,"crop":1,"file":"callout-contact-us-1.svg","mime-type":"image\/svg+xml","url":"https:\/\/afp.foxtrotdev.com\/wp-content\/uploads\/callout-contact-us-1.svg"},"bs-more-thumbnail":{"width":355,"height":380,"crop":1,"file":"callout-contact-us-1.svg","mime-type":"image\/svg+xml","url":"https:\/\/afp.foxtrotdev.com\/wp-content\/uploads\/callout-contact-us-1.svg"},"1536x1536":{"width":1536,"height":1536,"crop":0,"file":"callout-contact-us-1.svg","mime-type":"image\/svg+xml","url":"https:\/\/afp.foxtrotdev.com\/wp-content\/uploads\/callout-contact-us-1.svg"},"2048x2048":{"width":2048,"height":2048,"crop":0,"file":"callout-contact-us-1.svg","mime-type":"image\/svg+xml","url":"https:\/\/afp.foxtrotdev.com\/wp-content\/uploads\/callout-contact-us-1.svg"}},"ID":"2341","name":"callout-contact-us-1.svg","path":"\/home\/afp\/public_html\/wp-content\/uploads\/callout-contact-us-1.svg","url":"https:\/\/afp.foxtrotdev.com\/wp-content\/uploads\/callout-contact-us-1.svg","full_url":"https:\/\/afp.foxtrotdev.com\/wp-content\/uploads\/callout-contact-us-1.svg","title":"callout-contact-us","caption":"","description":"","alt":"advanced food products afp contact us","srcset":false}],"afp-gb--contactbar-section-title-text":"\u00bfEst\u00e1 listo para ponerse en contacto?","afp-gb--contactbar-section-title-color":"#67e1cf","afp-gb--contactbar-section-cta-group":[{"afp-gb--contactbar-section-cta-text":"Contacto","afp-gb--contactbar-section-cta-url":"\/es\/contacto\/"}],"afp-hp-our-story-callouts-group":[],"afp-hp-section-title-group":[],"afp-hp-selected-products":[],"afp_careers_mb_intro_title":"","afp_careers_mb_intro_content":"","afp-no-cta_label":"","afp-no-nav_icon":[],"afp_ourstory_mb_history_title":"History","afp_ourstory_mb_date_group":[{"afp_ourstory_mb_date":"D\u00e9cada del 2000","afp_ourstory_mb_content":"En 2001, la empresa se convirti\u00f3 en AFP advanced\u00a0food\u00a0products\u00a0LLC, en un verdadero esfuerzo por optimizarse como productora de productos envasados con tecnolog\u00eda as\u00e9ptica con bajo contenido de \u00e1cido y centrada en las salsas de queso, los pudines y las bebidas. Clear\u00a0Lake, en Wisconsin, le ofreci\u00f3 a AFP la oportunidad de tener una planta en el norte, con varias inversiones de capitales, lo que dio lugar a nuevas tecnolog\u00edas de elaboraci\u00f3n, rellenado y sellado y crecientes capacidades de producci\u00f3n."},{"afp_ourstory_mb_date":"D\u00e9cadas de 1970-1990","afp_ourstory_mb_content":"En 1978, al iniciar como una empresa francesa de propiedad de Groupe\u00a0Bongrain (actualmente, Savencia), fue posible expandirse a\u00fan m\u00e1s y se incorporaron varias l\u00edneas de productos y opciones de envasado, como bebidas y bolsas flexibles. En 1988, la empresa compr\u00f3 la marca Real\u00a0Fresh\u00ae, l\u00edder en productos l\u00e1cteos de larga conservaci\u00f3n, y luego se consolid\u00f3 con la marca de pudines Major\u00a0Smith en 1992. La planta de Visalia, en California, tambi\u00e9n abri\u00f3 sus puertas en esta era, lo que ampli\u00f3 las capacidades de producci\u00f3n y la ventaja competitiva en la costa oeste."},{"afp_ourstory_mb_date":"D\u00e9cada de 1960","afp_ourstory_mb_content":"A principios de la d\u00e9cada de 1960, la empresa comenz\u00f3 a hacer una transici\u00f3n e invertir en un sistema completo que pod\u00eda procesar y envasar leche de manera segura y eficaz. Despu\u00e9s de que un desastroso incendio arrasara con las instalaciones de Pensilvania, se construy\u00f3 una planta de quesos nueva y m\u00e1s grande y, durante aproximadamente una d\u00e9cada, la empresa capitaliz\u00f3 los mercados del reques\u00f3n y el queso crema. La fusi\u00f3n con Tuxedo\u00a0Foods\u00a0Company y con East\u00a0Smithfield\u00a0Farms cambi\u00f3 la din\u00e1mica de la creciente empresa l\u00e1ctea y aument\u00f3 el inter\u00e9s p\u00fablico emergente en los pudines en lata y los productos no perecederos."},{"afp_ourstory_mb_date":"D\u00e9cada de 1940","afp_ourstory_mb_content":"En sus comienzos como fabricante de productos l\u00e1cteos en el condado de Lancaster, Pensilvania, en la d\u00e9cada de 1940, y originalmente llamada Zausner\u00a0Foods\u00a0Corporation, AFP revolucion\u00f3 sus capacidades como empresa de productos l\u00e1cteos en 1951 cuando lanz\u00f3 el uso de la tecnolog\u00eda as\u00e9ptica con bajo contenido de \u00e1cido de vanguardia."}],"afp_ourstory_mb_csr_content":"<h2>Responsabilidad social corporativa<\/h2>\n<p>AFP eval\u00faa y mejora continuamente sus procesos para ofrecer a sus clientes productos homog\u00e9neos y de calidad y, al mismo tiempo, cumplir su compromiso de reducir su huella medioambiental e influir positivamente en las comunidades en las que est\u00e1 presente. Como empresa, nos hemos fijado ambiciosos objetivos de reducci\u00f3n de emisiones de carbono y de consumo de agua en consonancia con la iniciativa Science Based Targets (Objetivos Basados en la Ciencia). Buscamos constantemente \u00e1reas en las que reducir nuestros residuos y aumentar la reciclabilidad de los envases de nuestros productos. A trav\u00e9s de nuestro compromiso con la seguridad y el acercamiento a la comunidad, nos esforzamos por tener un impacto social positivo en las comunidades en las que vivimos y trabajamos.<\/p>\n<p><img class=\"aligncenter wp-image-254 size-full\" src=\"https:\/\/afp.foxtrotdev.com\/wp-content\/uploads\/2021\/11\/csr-image.png\" alt=\"\" width=\"774\" height=\"468\" \/><\/p>\n<h2>Oxygen<\/h2>\n<p>Un buen cuidado tambi\u00e9n se aplica en nuestra empresa asociada, Savencia\u00a0Fromage\u00a0&amp;\u00a0Dairy. Est\u00e1n comprometidos con un mundo solidario, \u00e9tico y sostenible. El objetivo de Savencia es crear mejores alimentos para el bien com\u00fan que permitan un desarrollo sostenible en relaci\u00f3n con su vocaci\u00f3n: \u201cLiderar el rumbo hacia mejores alimentos\u201d. Algunas de las iniciativas son proporcionar alimentos saludables, deliciosos y responsables. Promover la solidaridad y el bienestar de los empleados. Desarrollar conjuntamente una agricultura sostenible. Y reducir nuestra huella ambiental.<\/p>\n<p><a class=\"button button-sm\" href=\"https:\/\/www.savencia-fromagedairy.com\/en\/oxygen\/\" target=\"_blank\" rel=\"noopener\">M\u00e1s informaci\u00f3n<\/a><\/p>\n","afp_ourstory_mb_sustainability_title":"Sostenibilidad","afp_ourstory_mb_sustainability_group":[{"afp_ourstory_mb_sustainability_label":"Materiales con BPA no intencional.","afp_ourstory_mb_sustainability_icon":["263"]},{"afp_ourstory_mb_sustainability_label":"Aumentar la compra de materiales reciclados de los medios de envasado n.\u00ba\u00a01 y n.\u00ba\u00a02.","afp_ourstory_mb_sustainability_icon":["267"]},{"afp_ourstory_mb_sustainability_label":"Los materiales corrugados que se usan en nuestras operaciones se compactan y reciclan.","afp_ourstory_mb_sustainability_icon":["283"]},{"afp_ourstory_mb_sustainability_label":"El cart\u00f3n est\u00e1 hecho de un 100\u00a0% de material reciclado.","afp_ourstory_mb_sustainability_icon":["275"]},{"afp_ourstory_mb_sustainability_label":"Los elementos corrugados est\u00e1n hechos de un 47\u00a0% de materiales reciclados.","afp_ourstory_mb_sustainability_icon":["279"]},{"afp_ourstory_mb_sustainability_label":"Paquetes 100\u00a0% reciclables o biodegradables para los productos de marca para 2025.","afp_ourstory_mb_sustainability_icon":["283"]},{"afp_ourstory_mb_sustainability_label":"Gracias a la responsabilidad social corporativa global, se plantaron 7500\u00a0\u00e1rboles en 2019.","afp_ourstory_mb_sustainability_icon":["287"]},{"afp_ourstory_mb_sustainability_label":"Mejoras continuas en cuanto a la sostenibilidad: acero 100\u00a0% reciclable.","afp_ourstory_mb_sustainability_icon":["283"]}],"afp-pgproducts-category-heading-enabled":"","afp-pgproducts-category-heading-content":"","afp-pgproducts-category-heading-image":[],"afp-pgproducts-category-heading-cta":[],"afp-pgproducts-category-multicta-group":[],"afp-pgproducts-aseptic-rows-group":[],"winning_ltos":[],"sc_scam_title":"","sc_scam_content":"","infographic_headline":"","infographic_content":"","icons":[],"video_benefits":[],"facts_headline":"","facts_copy":"","facts_image":false,"facts_infographic":[],"lets_talk_headline":"","lets_talk_copy":"","lets_talk_icon":false,"bs_posts":[],"afp-bs-featured-categories":[],"mfi_pb_product_image":false,"mfi_pb_content":"","mfi_pb_cta":"","mfi_pb_cta_url":"","mfi_pb_products":[],"mfi_pb_stats_content":[],"mfi_pb_bar_title":"","mfi_pb_bar_content":"","mfi_pb_graph_image":false,"mfi_pb_more_info":"","mfi_pb_source":""},"_links":{"self":[{"href":"https:\/\/afp.foxtrotdev.com\/es\/wp-json\/wp\/v2\/pages\/1565","targetHints":{"allow":["GET"]}}],"collection":[{"href":"https:\/\/afp.foxtrotdev.com\/es\/wp-json\/wp\/v2\/pages"}],"about":[{"href":"https:\/\/afp.foxtrotdev.com\/es\/wp-json\/wp\/v2\/types\/page"}],"author":[{"embeddable":true,"href":"https:\/\/afp.foxtrotdev.com\/es\/wp-json\/wp\/v2\/users\/1"}],"replies":[{"embeddable":true,"href":"https:\/\/afp.foxtrotdev.com\/es\/wp-json\/wp\/v2\/comments?post=1565"}],"version-history":[{"count":4,"href":"https:\/\/afp.foxtrotdev.com\/es\/wp-json\/wp\/v2\/pages\/1565\/revisions"}],"predecessor-version":[{"id":1638,"href":"https:\/\/afp.foxtrotdev.com\/es\/wp-json\/wp\/v2\/pages\/1565\/revisions\/1638"}],"wp:attachment":[{"href":"https:\/\/afp.foxtrotdev.com\/es\/wp-json\/wp\/v2\/media?parent=1565"}],"curies":[{"name":"wp","href":"https:\/\/api.w.org\/{rel}","templated":true}]}}