
{"id":1458,"date":"2021-12-14T16:00:52","date_gmt":"2021-12-14T21:00:52","guid":{"rendered":"https:\/\/afp.foxtrotdev.com\/productos\/desserts\/"},"modified":"2025-02-10T15:19:32","modified_gmt":"2025-02-10T20:19:32","slug":"postres","status":"publish","type":"page","link":"https:\/\/afp.foxtrotdev.com\/es\/productos\/postres\/","title":{"rendered":"Postres"},"content":{"rendered":"","protected":false},"excerpt":{"rendered":"","protected":false},"author":1,"featured_media":20702,"parent":1437,"menu_order":35,"comment_status":"closed","ping_status":"closed","template":"page-product.php","meta":{"footnotes":""},"class_list":["post-1458","page","type-page","status-publish","has-post-thumbnail","hentry"],"yoast_head":"<!-- This site is optimized with the Yoast SEO plugin v24.9 - https:\/\/yoast.com\/wordpress\/plugins\/seo\/ -->\n<title>Postres - AFP<\/title>\n<meta name=\"robots\" content=\"noindex, follow, max-snippet:-1, max-image-preview:large, max-video-preview:-1\" \/>\n<meta property=\"og:locale\" content=\"es_ES\" \/>\n<meta property=\"og:type\" content=\"article\" \/>\n<meta property=\"og:title\" content=\"Postres - AFP\" \/>\n<meta property=\"og:url\" content=\"https:\/\/afp.foxtrotdev.com\/es\/productos\/postres\/\" \/>\n<meta property=\"og:site_name\" content=\"AFP\" \/>\n<meta property=\"article:modified_time\" content=\"2025-02-10T20:19:32+00:00\" \/>\n<meta property=\"og:image\" content=\"https:\/\/afp.foxtrotdev.com\/wp-content\/uploads\/stuffed-pancakes-image.jpg\" \/>\n\t<meta property=\"og:image:width\" content=\"1920\" \/>\n\t<meta property=\"og:image:height\" content=\"1750\" \/>\n\t<meta property=\"og:image:type\" content=\"image\/jpeg\" \/>\n<meta name=\"twitter:card\" content=\"summary_large_image\" \/>\n<meta name=\"twitter:label1\" content=\"Tiempo de lectura\" \/>\n\t<meta name=\"twitter:data1\" content=\"1 minuto\" \/>\n<script type=\"application\/ld+json\" class=\"yoast-schema-graph\">{\"@context\":\"https:\/\/schema.org\",\"@graph\":[{\"@type\":\"WebPage\",\"@id\":\"https:\/\/afp.foxtrotdev.com\/es\/productos\/postres\/\",\"url\":\"https:\/\/afp.foxtrotdev.com\/es\/productos\/postres\/\",\"name\":\"Postres - AFP\",\"isPartOf\":{\"@id\":\"https:\/\/afp.foxtrotdev.com\/es\/#website\"},\"primaryImageOfPage\":{\"@id\":\"https:\/\/afp.foxtrotdev.com\/es\/productos\/postres\/#primaryimage\"},\"image\":{\"@id\":\"https:\/\/afp.foxtrotdev.com\/es\/productos\/postres\/#primaryimage\"},\"thumbnailUrl\":\"https:\/\/afp.foxtrotdev.com\/wp-content\/uploads\/stuffed-pancakes-image.jpg\",\"datePublished\":\"2021-12-14T21:00:52+00:00\",\"dateModified\":\"2025-02-10T20:19:32+00:00\",\"breadcrumb\":{\"@id\":\"https:\/\/afp.foxtrotdev.com\/es\/productos\/postres\/#breadcrumb\"},\"inLanguage\":\"es\",\"potentialAction\":[{\"@type\":\"ReadAction\",\"target\":[\"https:\/\/afp.foxtrotdev.com\/es\/productos\/postres\/\"]}]},{\"@type\":\"ImageObject\",\"inLanguage\":\"es\",\"@id\":\"https:\/\/afp.foxtrotdev.com\/es\/productos\/postres\/#primaryimage\",\"url\":\"https:\/\/afp.foxtrotdev.com\/wp-content\/uploads\/stuffed-pancakes-image.jpg\",\"contentUrl\":\"https:\/\/afp.foxtrotdev.com\/wp-content\/uploads\/stuffed-pancakes-image.jpg\",\"width\":1920,\"height\":1750},{\"@type\":\"BreadcrumbList\",\"@id\":\"https:\/\/afp.foxtrotdev.com\/es\/productos\/postres\/#breadcrumb\",\"itemListElement\":[{\"@type\":\"ListItem\",\"position\":1,\"name\":\"Productos\",\"item\":\"https:\/\/afp.foxtrotdev.com\/es\/products\/\"},{\"@type\":\"ListItem\",\"position\":2,\"name\":\"Postres\"}]},{\"@type\":\"WebSite\",\"@id\":\"https:\/\/afp.foxtrotdev.com\/es\/#website\",\"url\":\"https:\/\/afp.foxtrotdev.com\/es\/\",\"name\":\"AFP\",\"description\":\"Innovative Food Solutions.\",\"publisher\":{\"@id\":\"https:\/\/afp.foxtrotdev.com\/es\/#organization\"},\"potentialAction\":[{\"@type\":\"SearchAction\",\"target\":{\"@type\":\"EntryPoint\",\"urlTemplate\":\"https:\/\/afp.foxtrotdev.com\/es\/?s={search_term_string}\"},\"query-input\":{\"@type\":\"PropertyValueSpecification\",\"valueRequired\":true,\"valueName\":\"search_term_string\"}}],\"inLanguage\":\"es\"},{\"@type\":\"Organization\",\"@id\":\"https:\/\/afp.foxtrotdev.com\/es\/#organization\",\"name\":\"AFP\",\"url\":\"https:\/\/afp.foxtrotdev.com\/es\/\",\"logo\":{\"@type\":\"ImageObject\",\"inLanguage\":\"es\",\"@id\":\"https:\/\/afp.foxtrotdev.com\/es\/#\/schema\/logo\/image\/\",\"url\":\"https:\/\/afp.foxtrotdev.com\/wp-content\/uploads\/2021\/11\/AFP-logo-color.svg\",\"contentUrl\":\"https:\/\/afp.foxtrotdev.com\/wp-content\/uploads\/2021\/11\/AFP-logo-color.svg\",\"width\":60,\"height\":40,\"caption\":\"AFP\"},\"image\":{\"@id\":\"https:\/\/afp.foxtrotdev.com\/es\/#\/schema\/logo\/image\/\"}}]}<\/script>\n<!-- \/ Yoast SEO plugin. -->","yoast_head_json":{"title":"Postres - AFP","robots":{"index":"noindex","follow":"follow","max-snippet":"max-snippet:-1","max-image-preview":"max-image-preview:large","max-video-preview":"max-video-preview:-1"},"og_locale":"es_ES","og_type":"article","og_title":"Postres - AFP","og_url":"https:\/\/afp.foxtrotdev.com\/es\/productos\/postres\/","og_site_name":"AFP","article_modified_time":"2025-02-10T20:19:32+00:00","og_image":[{"width":1920,"height":1750,"url":"https:\/\/afp.foxtrotdev.com\/wp-content\/uploads\/stuffed-pancakes-image.jpg","type":"image\/jpeg"}],"twitter_card":"summary_large_image","twitter_misc":{"Tiempo de lectura":"1 minuto"},"schema":{"@context":"https:\/\/schema.org","@graph":[{"@type":"WebPage","@id":"https:\/\/afp.foxtrotdev.com\/es\/productos\/postres\/","url":"https:\/\/afp.foxtrotdev.com\/es\/productos\/postres\/","name":"Postres - AFP","isPartOf":{"@id":"https:\/\/afp.foxtrotdev.com\/es\/#website"},"primaryImageOfPage":{"@id":"https:\/\/afp.foxtrotdev.com\/es\/productos\/postres\/#primaryimage"},"image":{"@id":"https:\/\/afp.foxtrotdev.com\/es\/productos\/postres\/#primaryimage"},"thumbnailUrl":"https:\/\/afp.foxtrotdev.com\/wp-content\/uploads\/stuffed-pancakes-image.jpg","datePublished":"2021-12-14T21:00:52+00:00","dateModified":"2025-02-10T20:19:32+00:00","breadcrumb":{"@id":"https:\/\/afp.foxtrotdev.com\/es\/productos\/postres\/#breadcrumb"},"inLanguage":"es","potentialAction":[{"@type":"ReadAction","target":["https:\/\/afp.foxtrotdev.com\/es\/productos\/postres\/"]}]},{"@type":"ImageObject","inLanguage":"es","@id":"https:\/\/afp.foxtrotdev.com\/es\/productos\/postres\/#primaryimage","url":"https:\/\/afp.foxtrotdev.com\/wp-content\/uploads\/stuffed-pancakes-image.jpg","contentUrl":"https:\/\/afp.foxtrotdev.com\/wp-content\/uploads\/stuffed-pancakes-image.jpg","width":1920,"height":1750},{"@type":"BreadcrumbList","@id":"https:\/\/afp.foxtrotdev.com\/es\/productos\/postres\/#breadcrumb","itemListElement":[{"@type":"ListItem","position":1,"name":"Productos","item":"https:\/\/afp.foxtrotdev.com\/es\/products\/"},{"@type":"ListItem","position":2,"name":"Postres"}]},{"@type":"WebSite","@id":"https:\/\/afp.foxtrotdev.com\/es\/#website","url":"https:\/\/afp.foxtrotdev.com\/es\/","name":"AFP","description":"Innovative Food Solutions.","publisher":{"@id":"https:\/\/afp.foxtrotdev.com\/es\/#organization"},"potentialAction":[{"@type":"SearchAction","target":{"@type":"EntryPoint","urlTemplate":"https:\/\/afp.foxtrotdev.com\/es\/?s={search_term_string}"},"query-input":{"@type":"PropertyValueSpecification","valueRequired":true,"valueName":"search_term_string"}}],"inLanguage":"es"},{"@type":"Organization","@id":"https:\/\/afp.foxtrotdev.com\/es\/#organization","name":"AFP","url":"https:\/\/afp.foxtrotdev.com\/es\/","logo":{"@type":"ImageObject","inLanguage":"es","@id":"https:\/\/afp.foxtrotdev.com\/es\/#\/schema\/logo\/image\/","url":"https:\/\/afp.foxtrotdev.com\/wp-content\/uploads\/2021\/11\/AFP-logo-color.svg","contentUrl":"https:\/\/afp.foxtrotdev.com\/wp-content\/uploads\/2021\/11\/AFP-logo-color.svg","width":60,"height":40,"caption":"AFP"},"image":{"@id":"https:\/\/afp.foxtrotdev.com\/es\/#\/schema\/logo\/image\/"}}]}},"meta_box":{"afp-bs-featured-lp":"","afp-bs-featured-lp-title":"","afp-bs-featured-lp-copy":"","afp-bs-featured-cta-link":"","afp-bs-featured-cta-text":"","afp-bs-featured-lp-subtitle":"","afp-bs-featured-lp-posts":[],"afp-bs-featured-lp-posts-seemore":"","afp-bs-featured-recipes":[],"afp-bs-featured-trends":[],"afp-bs-featured-training-education":[],"afp-bs-featured-packaging-ideas":[],"afp-bs-featured-home-cta-label":"","afp-bs-more-solutions-heading":"","afp-bs-more-solutions-cta-label":"","afp-bs-more-solutions-category-label":"","afp-bs-product-featured-bs":[],"afp-Channels-icon":[],"afp-Channels-page-icon":[],"afp-Channels-channel-headline-group":[],"afp-pgchannels-section-title-group":[],"afp_calc_serving_size":"8","afp_calc_servings_per_day":"400","afp_calc_number_of_units":"3","afp-calculator":[{"afp_calc_storage":"Shelf-stable","afp_calc_shelf_life":"12 months","afp_calc_case":"6 pack","afp_calc_recipes":[{"_state":"expanded"}]}],"afp_calc_lockup":false,"afp_calc_disclaimer":"","location":[],"AFP-Contact-contact_from_shortcode":"","afp-hp-expertise-callout-title-text":"","afp-hp-expertise-callout-title-color":"","afp-hp-expertise-callout-content":"","afp-hp-expertise-callout-content-color":"","afp-hp-expertise-callouts-group":[],"afp-pgexpertise-page-icon":[],"afp-pgexpertise-expertise-headline-group":[],"afp-pgexpertise-expertise-enable-products":"","afp-pgexpertise-products-section":[],"afp-pgexpertise-content-section":[],"afp-pgexpertise-eng-product-group":[],"afp-pgexpertise-eng-productmoreinfo-group":[],"afp-pgexpertise-eng-innercontent-icon":[],"afp-pgexpertise-eng-innercontent-title":"","afp-pgexpertise-eng-innercontent-cta_text":"","afp-pgexpertise-eng-innercontent-cta_url":"","afp-pgexpertise-eng-capabilities-image":[],"afp-pgexpertise-eng-capabilities-title":"","afp-pgexpertise-eng-capabilities-content":"","mfi-mb-hero-enabled":"1","mfi-mb-hero-full-size":"0","mfi-mb-hero-height":"640","mfi-mb-hero-slide-group":[{"mfi-mb-hero-title-text":"Postres","mfi-mb-hero-title-color":"#ffffff","mfi-mb-hero-content":"Un peque\u00f1o capricho, en cualquier momento del d\u00eda.\r\n","mfi-mb-hero-content-color":"#ffffff","mfi-mb-hero-align-option":"text-left","mfi-mb-hero-image":["740"],"mfi-mb-hero-product-image-enabled":"1","mfi-mb-hero-product-image-style":"slice","mfi-mb-hero-product-primary-bg-color":"#67e1cf","mfi-mb-hero-product-image":["740"],"mfi-mb-hero-product-text":"PUD\u00cdN DE BANANA CON CARAMELO SALADO","mfi-mb-hero-product-url":"\/es\/business-solutions\/recetas\/pudin-de-banana-con-caramelo-salado\/"}],"afp-gb--callout-icon":[],"afp-gb--contactbar-section-title-text":"Postres","afp-gb--contactbar-section-title-color":"","afp-gb--contactbar-section-cta-group":[],"afp-hp-our-story-callouts-group":[],"afp-hp-section-title-group":[],"afp-hp-selected-products":[],"afp_careers_mb_intro_title":"","afp_careers_mb_intro_content":"","afp-no-cta_label":"","afp-no-nav_icon":[],"afp_ourstory_mb_history_title":"","afp_ourstory_mb_date_group":[],"afp_ourstory_mb_csr_content":"","afp_ourstory_mb_sustainability_title":"","afp_ourstory_mb_sustainability_group":[],"afp-pgproducts-category-heading-enabled":"0","afp-pgproducts-category-heading-content":"Nuestros postres son el refrigerio perfecto o los ingredientes listos para usar con un envasado vers\u00e1til y opciones de marca para ajustarse a sus necesidades.","afp-pgproducts-category-heading-image":[{"width":360,"height":230,"file":"desserts-product-lockup-1.png","sizes":{"medium":{"file":"desserts-product-lockup-1-600x360.png","width":600,"height":360,"mime-type":"image\/png","url":"https:\/\/afp.foxtrotdev.com\/wp-content\/uploads\/desserts-product-lockup-1-600x360.png"},"thumbnail":{"file":"desserts-product-lockup-1-360x230.png","width":360,"height":230,"mime-type":"image\/png","url":"https:\/\/afp.foxtrotdev.com\/wp-content\/uploads\/desserts-product-lockup-1-360x230.png"},"medium_large":{"file":"desserts-product-lockup-1-768x461.png","width":768,"height":461,"mime-type":"image\/png","url":"https:\/\/afp.foxtrotdev.com\/wp-content\/uploads\/desserts-product-lockup-1-768x461.png"},"bs-large-feature":{"file":"desserts-product-lockup-1-840x560.png","width":840,"height":560,"mime-type":"image\/png","url":"https:\/\/afp.foxtrotdev.com\/wp-content\/uploads\/desserts-product-lockup-1-840x560.png"},"bs-thumbnail":{"file":"desserts-product-lockup-1-390x260.png","width":390,"height":260,"mime-type":"image\/png","url":"https:\/\/afp.foxtrotdev.com\/wp-content\/uploads\/desserts-product-lockup-1-390x260.png"},"bs-more-thumbnail":{"file":"desserts-product-lockup-1-355x380.png","width":355,"height":380,"mime-type":"image\/png","url":"https:\/\/afp.foxtrotdev.com\/wp-content\/uploads\/desserts-product-lockup-1-355x380.png"}},"image_meta":{"aperture":"0","credit":"","camera":"","caption":"","created_timestamp":"0","copyright":"","focal_length":"0","iso":"0","shutter_speed":"0","title":"","orientation":"0","keywords":[]},"ID":"2942","name":"desserts-product-lockup-1.png","path":"\/home\/afp\/public_html\/wp-content\/uploads\/desserts-product-lockup-1.png","url":"https:\/\/afp.foxtrotdev.com\/wp-content\/uploads\/desserts-product-lockup-1-360x230.png","full_url":"https:\/\/afp.foxtrotdev.com\/wp-content\/uploads\/desserts-product-lockup-1.png","title":"desserts-product-lockup","caption":"","description":"","alt":"","srcset":false}],"afp-pgproducts-category-heading-cta":[{"afp-pgproducts-product-files-cta-group":{"afp-pgproducts-product-files-cta-text":"Planilla de ventas"},"afp-pgproducts-product-files-direct-file":["1032"]},{"afp-pgproducts-product-files-cta-group":{"afp-pgproducts-product-files-cta-text":"Planilla de ventas de productos basados en plantas"},"afp-pgproducts-product-files-direct-file":["2918"]}],"afp-pgproducts-category-multicta-group":[],"afp-pgproducts-aseptic-rows-group":[{"afp-pgproducts-aseptic-row-benefit-group":{"afp-pgproducts-aseptic-row-benefit-title-text":"Beneficios de la tecnolog\u00eda as\u00e9ptica","afp-pgproducts-aseptic-row-benefit-title-color":"#008d9b","afp-pgproducts-aseptic-benefit-icons-group":[{"afp-pgproducts-aseptic-benefit-icon":["716"],"afp-pgproducts-aseptic-benefit-icon-text":"Larga conservaci\u00f3n"},{"afp-pgproducts-aseptic-benefit-icon":["708"],"afp-pgproducts-aseptic-benefit-icon-text":"Sin conservantes"},{"afp-pgproducts-aseptic-benefit-icon":["712"],"afp-pgproducts-aseptic-benefit-icon-text":"Larga vida \u00fatil"},{"afp-pgproducts-aseptic-benefit-icon":["704"],"afp-pgproducts-aseptic-benefit-icon-text":"Conserva mejor la frescura y el sabor"}]},"afp-pgproducts-aseptic-row-flavor-group":{"afp-pgproducts-aseptic-row-flavor-title-text":"Sabores","afp-pgproducts-aseptic-flavor-group":[{"afp-pgproducts-aseptic-flavor-text":"Chocolate"},{"afp-pgproducts-aseptic-flavor-text":"Chocolate (sin az\u00facar agregado)*"},{"afp-pgproducts-aseptic-flavor-text":"Fudge de chocolate**"},{"afp-pgproducts-aseptic-flavor-text":"Chocolate sin grasa**"},{"afp-pgproducts-aseptic-flavor-text":"Chocolate con leche"},{"afp-pgproducts-aseptic-flavor-text":"Vainilla"},{"afp-pgproducts-aseptic-flavor-text":"Vainilla (sin az\u00facar agregado)*"},{"afp-pgproducts-aseptic-flavor-text":"Caramelo de az\u00facar y mantequilla"},{"afp-pgproducts-aseptic-flavor-text":"Caramelo de az\u00facar y mantequilla sin grasa**"},{"afp-pgproducts-aseptic-flavor-text":"Banana"},{"afp-pgproducts-aseptic-flavor-text":"Lim\u00f3n*"},{"afp-pgproducts-aseptic-flavor-text":"Tapioca"},{"afp-pgproducts-aseptic-flavor-text":"Arroz*"},{"afp-pgproducts-aseptic-flavor-text":"Banana y fresas**"},{"afp-pgproducts-aseptic-flavor-text":"Avena y vainilla**"},{"afp-pgproducts-aseptic-flavor-text":"Almendras con chocolate**"}]},"afp-pgproducts-aseptic-row-packaging-group":{"afp-pgproducts-aseptic-row-packaging-title-text":"Opciones de envasado","afp-pgproducts-aseptic-packaging-group":[{"afp-pgproducts-aseptic-packaging-text":"Lata n.\u00ba\u00a010 ","afp-pgproducts-aseptic-packaging-conversion":"3kg"},{"afp-pgproducts-aseptic-packaging-text":"Taza de 3,5\u00a0oz (99\u00a0g)","afp-pgproducts-aseptic-packaging-conversion":"paquete de 4"},{"afp-pgproducts-aseptic-packaging-text":"*\u00a0Solo disponible en lata n.\u00ba\u00a010"},{"afp-pgproducts-aseptic-packaging-text":"**\u00a0Solo disponible en taza de 3,5\u00a0oz"}],"afp-pgproducts-packaging-expert-cta-group":{"afp-pgproducts-packaging-expert-cta-text":"Experiencia en envasado","afp-pgproducts-packaging-expert-cta-url":"\/es\/experiencia\/ingenieria-en-envasado\/"},"afp-pgproducts-aseptic-packaging-footnote":"No todos los sabores est\u00e1n disponibles en todas las opciones de envasado."}}],"winning_ltos":[],"sc_scam_title":"","sc_scam_content":"","infographic_headline":"","infographic_content":"","icons":[],"video_benefits":[],"facts_headline":"","facts_copy":"","facts_image":false,"facts_infographic":[],"lets_talk_headline":"","lets_talk_copy":"","lets_talk_icon":false,"bs_posts":[],"afp-bs-featured-categories":[],"mfi_pb_product_image":false,"mfi_pb_content":"","mfi_pb_cta":"","mfi_pb_cta_url":"","mfi_pb_products":[],"mfi_pb_stats_content":[],"mfi_pb_bar_title":"","mfi_pb_bar_content":"","mfi_pb_graph_image":false,"mfi_pb_more_info":"","mfi_pb_source":""},"_links":{"self":[{"href":"https:\/\/afp.foxtrotdev.com\/es\/wp-json\/wp\/v2\/pages\/1458","targetHints":{"allow":["GET"]}}],"collection":[{"href":"https:\/\/afp.foxtrotdev.com\/es\/wp-json\/wp\/v2\/pages"}],"about":[{"href":"https:\/\/afp.foxtrotdev.com\/es\/wp-json\/wp\/v2\/types\/page"}],"author":[{"embeddable":true,"href":"https:\/\/afp.foxtrotdev.com\/es\/wp-json\/wp\/v2\/users\/1"}],"replies":[{"embeddable":true,"href":"https:\/\/afp.foxtrotdev.com\/es\/wp-json\/wp\/v2\/comments?post=1458"}],"version-history":[{"count":2,"href":"https:\/\/afp.foxtrotdev.com\/es\/wp-json\/wp\/v2\/pages\/1458\/revisions"}],"predecessor-version":[{"id":1460,"href":"https:\/\/afp.foxtrotdev.com\/es\/wp-json\/wp\/v2\/pages\/1458\/revisions\/1460"}],"up":[{"embeddable":true,"href":"https:\/\/afp.foxtrotdev.com\/es\/wp-json\/wp\/v2\/pages\/1437"}],"wp:featuredmedia":[{"embeddable":true,"href":"https:\/\/afp.foxtrotdev.com\/es\/wp-json\/wp\/v2\/media\/20702"}],"wp:attachment":[{"href":"https:\/\/afp.foxtrotdev.com\/es\/wp-json\/wp\/v2\/media?parent=1458"}],"curies":[{"name":"wp","href":"https:\/\/api.w.org\/{rel}","templated":true}]}}